{"id":100,"date":"2020-10-26T07:18:27","date_gmt":"2020-10-26T06:18:27","guid":{"rendered":"http:\/\/xn--beerdigung-schrder-r3b.de\/wordpress\/?page_id=100"},"modified":"2020-11-01T19:53:13","modified_gmt":"2020-11-01T18:53:13","slug":"kontakt","status":"publish","type":"page","link":"https:\/\/xn--beerdigung-schrder-r3b.de\/wordpress\/kontakt\/","title":{"rendered":"Kontakt"},"content":{"rendered":"<h1>Nehmen Sie gerne Kontakt auf!<\/h1>\n<p>Wir sind jederzeit unter <strong>02861 \/ 91746<\/strong>, <strong>02861 \/ 91747<\/strong> oder <strong>0171 260 18 72<\/strong> erreichbar.<\/p>\n<h1 class=\"char Zyyy U1F4DE\" data-text=\"\ud83d\udcde\">\ud83d\udcde\u00a0Jetzt anrufen: 02861 \/ 91746\u00a0\ud83d\udcde<\/h1>\n<p>&nbsp;<\/p>\n<h4>Adresse<\/h4>\n<p>Bestattungshaus Schr\u00f6der-Hemsteg<br \/>\nNeum\u00fchlenallee 21<br \/>\n46325 Borken-Gemen<\/p>\n<p>&nbsp;<\/p>\n<p>Wir werden dann alles weitere veranlassen, einen Termin f\u00fcr ein pers\u00f6nliches Gespr\u00e4ch vereinbaren und eventuelle Fragen kl\u00e4ren.<\/p>\n","protected":false},"excerpt":{"rendered":"<p>Nehmen Sie gerne Kontakt auf! Wir sind jederzeit unter 02861 \/ 91746, 02861 \/ 91747 oder 0171 260 18 72 erreichbar. \ud83d\udcde\u00a0Jetzt anrufen: 02861 \/ 91746\u00a0\ud83d\udcde &nbsp; Adresse Bestattungshaus Schr\u00f6der-Hemsteg Neum\u00fchlenallee 21 46325 Borken-Gemen &nbsp; Wir werden dann alles weitere veranlassen, einen Termin f\u00fcr ein pers\u00f6nliches Gespr\u00e4ch vereinbaren und eventuelle Fragen kl\u00e4ren.<\/p>\n","protected":false},"author":1,"featured_media":0,"parent":0,"menu_order":0,"comment_status":"closed","ping_status":"closed","template":"","meta":{"footnotes":""},"class_list":["post-100","page","type-page","status-publish","hentry"],"jetpack_sharing_enabled":true,"_links":{"self":[{"href":"https:\/\/xn--beerdigung-schrder-r3b.de\/wordpress\/wp-json\/wp\/v2\/pages\/100","targetHints":{"allow":["GET"]}}],"collection":[{"href":"https:\/\/xn--beerdigung-schrder-r3b.de\/wordpress\/wp-json\/wp\/v2\/pages"}],"about":[{"href":"https:\/\/xn--beerdigung-schrder-r3b.de\/wordpress\/wp-json\/wp\/v2\/types\/page"}],"author":[{"embeddable":true,"href":"https:\/\/xn--beerdigung-schrder-r3b.de\/wordpress\/wp-json\/wp\/v2\/users\/1"}],"replies":[{"embeddable":true,"href":"https:\/\/xn--beerdigung-schrder-r3b.de\/wordpress\/wp-json\/wp\/v2\/comments?post=100"}],"version-history":[{"count":4,"href":"https:\/\/xn--beerdigung-schrder-r3b.de\/wordpress\/wp-json\/wp\/v2\/pages\/100\/revisions"}],"predecessor-version":[{"id":135,"href":"https:\/\/xn--beerdigung-schrder-r3b.de\/wordpress\/wp-json\/wp\/v2\/pages\/100\/revisions\/135"}],"wp:attachment":[{"href":"https:\/\/xn--beerdigung-schrder-r3b.de\/wordpress\/wp-json\/wp\/v2\/media?parent=100"}],"curies":[{"name":"wp","href":"https:\/\/api.w.org\/{rel}","templated":true}]}}