{"id":55,"date":"2020-10-25T23:15:31","date_gmt":"2020-10-25T22:15:31","guid":{"rendered":"http:\/\/xn--beerdigung-schrder-r3b.de\/wordpress\/?page_id=55"},"modified":"2020-11-01T19:54:39","modified_gmt":"2020-11-01T18:54:39","slug":"trauerfall","status":"publish","type":"page","link":"https:\/\/xn--beerdigung-schrder-r3b.de\/wordpress\/trauerfall\/","title":{"rendered":"Trauerfall"},"content":{"rendered":"<blockquote>\n<h2 style=\"text-align: center;\">\u00bbDer Tod eines Menschen kommt oft \u00fcberraschend und belastet sehr. Wir m\u00f6chten Ihnen in dieser schwierigen Situation Halt bieten und Sie unterst\u00fctzen.\u00ab<\/h2>\n<\/blockquote>\n<p>&nbsp;<\/p>\n<h1>Trauerfall \u2013 was ist zu tun?<\/h1>\n<p>Durch jahrelange Erfharungen im Umgang mit Trauerf\u00e4llen wissen wir, was zu tun ist und ber\u00fccksichtigen Ihre individuellen W\u00fcnsche und Erfahrungen.<\/p>\n<p>Um Ihnen eine Hilfe an die Hand zu geben, haben wir nachfolgend die vier wichtigsten Schritte aufgef\u00fchrt, die Sie im Trauerfall beachten sollten.<\/p>\n<p><strong>1. Arzt benachrichtigen<\/strong><br \/>\nDer Arzt muss den Tod der \/ des Verstorbenen feststellen und einen Totenschein ausstellen. Im Notfall geschieht dies \u00fcber die Notrufnummer 112.<\/p>\n<p>Alternativ kann auch der Hausarzt verst\u00e4ndigt werden. In Krankenh\u00e4usern und Pflegeheimen \u00fcbernimmt das Pflegepersonal die Benachrichtigung des Arztes.<\/p>\n<p><strong>2. Rufen Sie uns an<\/strong><br \/>\nWir sind jederzeit unter <strong>02861 \/ 91746<\/strong>, <strong>02861 \/ 91747<\/strong> oder <strong>0171 260 18 72<\/strong> erreichbar.<\/p>\n<p>Wir werden dann alles weitere veranlassen, einen Termin f\u00fcr ein pers\u00f6nliches Gespr\u00e4ch vereinbaren und eventuelle Fragen kl\u00e4ren.<\/p>\n<p>Hier finden Sie eine \u00dcbersicht der Kontaktm\u00f6glichkeiten.<\/p>\n<p><strong>3. Informieren Sie Angeh\u00f6rige<\/strong><\/p>\n<p><strong>4. Dokumente heraussuchen<\/strong><br \/>\nWenn Sie nach dem Trauerfall die Kraft aufbringen k\u00f6nnen, Dokumente der \/ des Verstorbenen herauszusuchen, k\u00f6nnen Sie dies f\u00fcr das Gespr\u00e4ch gerne tun.<br \/>\nF\u00fcr die weitere Organisation sind folgnede Dokumente n\u00f6tig:<\/p>\n<ul>\n<li style=\"list-style-type: none;\">\n<ul>\n<li>Familienstammbuch<\/li>\n<li>Ausweis der \/ des Verstobenen<\/li>\n<li>Versichertenkarte<\/li>\n<li>falls vorhanden:\n<ul>\n<li>Dokumente von der Bestattungsvorsorge \/ Sterbegeldversicherung<\/li>\n<li>Bestattungsvorsorgevertrag<\/li>\n<\/ul>\n<\/li>\n<\/ul>\n<\/li>\n<\/ul>\n<p>&nbsp;<\/p>\n<p>Falls Sie Fragen haben, k\u00f6nnen Sie uns jederzeit kontaktieren.<\/p>\n","protected":false},"excerpt":{"rendered":"<p>\u00bbDer Tod eines Menschen kommt oft \u00fcberraschend und belastet sehr. Wir m\u00f6chten Ihnen in dieser schwierigen Situation Halt bieten und Sie unterst\u00fctzen.\u00ab &nbsp; Trauerfall \u2013 was ist zu tun? Durch jahrelange Erfharungen im Umgang mit Trauerf\u00e4llen wissen wir, was zu tun ist und ber\u00fccksichtigen Ihre individuellen W\u00fcnsche und Erfahrungen. Um Ihnen eine Hilfe an die &hellip; <\/p>\n<p class=\"link-more\"><a href=\"https:\/\/xn--beerdigung-schrder-r3b.de\/wordpress\/trauerfall\/\" class=\"more-link\"><span class=\"screen-reader-text\">\u201eTrauerfall\u201c <\/span>weiterlesen<\/a><\/p>\n","protected":false},"author":1,"featured_media":0,"parent":0,"menu_order":0,"comment_status":"closed","ping_status":"closed","template":"","meta":{"footnotes":""},"class_list":["post-55","page","type-page","status-publish","hentry"],"jetpack_sharing_enabled":true,"_links":{"self":[{"href":"https:\/\/xn--beerdigung-schrder-r3b.de\/wordpress\/wp-json\/wp\/v2\/pages\/55","targetHints":{"allow":["GET"]}}],"collection":[{"href":"https:\/\/xn--beerdigung-schrder-r3b.de\/wordpress\/wp-json\/wp\/v2\/pages"}],"about":[{"href":"https:\/\/xn--beerdigung-schrder-r3b.de\/wordpress\/wp-json\/wp\/v2\/types\/page"}],"author":[{"embeddable":true,"href":"https:\/\/xn--beerdigung-schrder-r3b.de\/wordpress\/wp-json\/wp\/v2\/users\/1"}],"replies":[{"embeddable":true,"href":"https:\/\/xn--beerdigung-schrder-r3b.de\/wordpress\/wp-json\/wp\/v2\/comments?post=55"}],"version-history":[{"count":9,"href":"https:\/\/xn--beerdigung-schrder-r3b.de\/wordpress\/wp-json\/wp\/v2\/pages\/55\/revisions"}],"predecessor-version":[{"id":138,"href":"https:\/\/xn--beerdigung-schrder-r3b.de\/wordpress\/wp-json\/wp\/v2\/pages\/55\/revisions\/138"}],"wp:attachment":[{"href":"https:\/\/xn--beerdigung-schrder-r3b.de\/wordpress\/wp-json\/wp\/v2\/media?parent=55"}],"curies":[{"name":"wp","href":"https:\/\/api.w.org\/{rel}","templated":true}]}}