{"id":64,"date":"2020-10-25T23:21:26","date_gmt":"2020-10-25T22:21:26","guid":{"rendered":"http:\/\/xn--beerdigung-schrder-r3b.de\/wordpress\/?page_id=64"},"modified":"2020-11-01T19:54:06","modified_gmt":"2020-11-01T18:54:06","slug":"vorsorge","status":"publish","type":"page","link":"https:\/\/xn--beerdigung-schrder-r3b.de\/wordpress\/vorsorge\/","title":{"rendered":"Vorsorge"},"content":{"rendered":"<h1>Eine Sorge weniger: Bestattungsvorsorge<\/h1>\n<p>Eine Bestattung, deren Ablauf Sie bereits zu Lebzeiten selbst bestimmen, bietet viele Vorteile.<\/p>\n<p>Mit der klaren und verbindlichen <strong>Formulierung Ihrer W\u00fcnsche,<\/strong> geben Sie Ihren Angeh\u00f6rigen Halt und Orientierung in einer Zeit des Verlustes und der Trauer. Sie entlasten Ihre Angeh\u00f6rigen und spenden Ihnen Trost, durch die Gewissheit, dass Ihre Bestattung genauso abl\u00e4uft, wie Sie es sich zu Lebzeiten gew\u00fcnscht haben.<\/p>\n<p>Zudem stellen Sie sicher, dass zum Zeitpunkt Ihrer Bestattung die notwendigen finanziellen Mittel verf\u00fcgbar sind.<\/p>\n<p>Als Partner der Deutsche Bestattungsvorsorge Treuhand AG bieten wir Ihnen seri\u00f6se Formen der Bestattungsvorsorge. Unsere Bestattungsvorsorgevertr\u00e4ge ber\u00fccksichtigen Ihr Alter, Ihre Verm\u00f6genssituation und Ihre besonderen W\u00fcnsche \u2013 von der Bestattungsart \u00fcber das Grabmal bis zur Grabpflege \u2013 jeweils individuell. Monatliche Raten sind hierbei ebenso m\u00f6glich wie Einmalbeitr\u00e4ge. Sogar im Falle einer m\u00f6glichen Pflegebed\u00fcrftigkeit sichern Sie dadurch das Geld f\u00fcr Ihre dereinstige Bestattung vor dem unberechtigten Zugriff des Sozialamtes.<\/p>\n<p>&nbsp;<\/p>\n<h3>Treuhand Aktiengesellschaft<\/h3>\n<p><img loading=\"lazy\" decoding=\"async\" class=\"aligncenter wp-image-65 size-medium\" src=\"http:\/\/xn--beerdigung-schrder-r3b.de\/wordpress\/wp-content\/uploads\/2020\/10\/treuhand-300x67.png\" alt=\"Treuhand Bestattungsvorsorge\" width=\"300\" height=\"67\" srcset=\"https:\/\/xn--beerdigung-schrder-r3b.de\/wordpress\/wp-content\/uploads\/2020\/10\/treuhand-300x67.png 300w, https:\/\/xn--beerdigung-schrder-r3b.de\/wordpress\/wp-content\/uploads\/2020\/10\/treuhand-768x171.png 768w, https:\/\/xn--beerdigung-schrder-r3b.de\/wordpress\/wp-content\/uploads\/2020\/10\/treuhand.png 871w\" sizes=\"auto, (max-width: 300px) 100vw, 300px\" \/><\/p>\n<p>Sie k\u00f6nnen Ihr Geld auf zwei Arten anlegen:<\/p>\n<h4>Treuhandvertrag<\/h4>\n<p>Bei einem Treuhandvertrag zahlen Sie den gew\u00fcnschten Vorsorge-Betrag auf ein sogenanntes Treuhandkonto bei der Deutschen Bestattungsvorsorge Treuhand AG ein. Ihr Geld ist bestverzinst angelegt und Sie erhalten j\u00e4hrlich einen Kontoauszug, der Ihnen als Zinsbescheinigung<\/p>\n<p>Gut zu wissen: Es fallen keine Verwaltungskosten an.<\/p>\n<p>Gerne beraten wir Sie in einem pers\u00f6nlichen Gespr\u00e4ch.<\/p>\n<h4>Serbegeldversicherung<\/h4>\n<p>Statt das Geld auf einen Schlag einzuzahlen, bietet die Serbegeldversicherung die M\u00f6glichkeit, monatlich Geld in geringen Raten anzusparen. Dabei sind auch Einmal- oder Jahreszahlungen m\u00f6glich.<\/p>\n<p>Gut zu wissen: Die Aufnahme einer Serbegeldversicherung muss bis zum 80. Lebensjahr erfolgen.<\/p>\n<p>Gerne beraten wir Sie in einem pers\u00f6nlichen Gespr\u00e4ch.<\/p>\n<p>&nbsp;<\/p>\n<h3>Ein pers\u00f6nliches Gespr\u00e4ch<\/h3>\n<p>Es ist nicht einfach, sich mit dem eigenen Tod zu besch\u00e4ftigen. Trotzdem hat es Vorteile, sich noch zu Lebzeiten mit dem Thema auseinanderzusetzen: Sie entlasten Ihre Angeh\u00f6rigen und geben ihnen Raum f\u00fcr ihre Trauer. Zudem erh\u00e4lt Ihr Leben einen w\u00fcrdigen Abschluss, genauso wie Sie ihn sich w\u00fcnschen.<\/p>\n<p>In einem pers\u00f6nlichen Gespr\u00e4ch werden wir Ihnen die Angebote der Bestattungsvorsorge genau erl\u00e4utern und Ihre individuelle Situation ber\u00fccksichtigen.<\/p>\n<p>&nbsp;<\/p>\n<p>Nehmen Sie mit uns Kontakt auf und vereinbaren Sie einen Termin f\u00fcr ein Gespr\u00e4ch!<\/p>\n","protected":false},"excerpt":{"rendered":"<p>Eine Sorge weniger: Bestattungsvorsorge Eine Bestattung, deren Ablauf Sie bereits zu Lebzeiten selbst bestimmen, bietet viele Vorteile. Mit der klaren und verbindlichen Formulierung Ihrer W\u00fcnsche, geben Sie Ihren Angeh\u00f6rigen Halt und Orientierung in einer Zeit des Verlustes und der Trauer. Sie entlasten Ihre Angeh\u00f6rigen und spenden Ihnen Trost, durch die Gewissheit, dass Ihre Bestattung genauso &hellip; <\/p>\n<p class=\"link-more\"><a href=\"https:\/\/xn--beerdigung-schrder-r3b.de\/wordpress\/vorsorge\/\" class=\"more-link\"><span class=\"screen-reader-text\">\u201eVorsorge\u201c <\/span>weiterlesen<\/a><\/p>\n","protected":false},"author":1,"featured_media":0,"parent":0,"menu_order":0,"comment_status":"closed","ping_status":"closed","template":"","meta":{"footnotes":""},"class_list":["post-64","page","type-page","status-publish","hentry"],"jetpack_sharing_enabled":true,"_links":{"self":[{"href":"https:\/\/xn--beerdigung-schrder-r3b.de\/wordpress\/wp-json\/wp\/v2\/pages\/64","targetHints":{"allow":["GET"]}}],"collection":[{"href":"https:\/\/xn--beerdigung-schrder-r3b.de\/wordpress\/wp-json\/wp\/v2\/pages"}],"about":[{"href":"https:\/\/xn--beerdigung-schrder-r3b.de\/wordpress\/wp-json\/wp\/v2\/types\/page"}],"author":[{"embeddable":true,"href":"https:\/\/xn--beerdigung-schrder-r3b.de\/wordpress\/wp-json\/wp\/v2\/users\/1"}],"replies":[{"embeddable":true,"href":"https:\/\/xn--beerdigung-schrder-r3b.de\/wordpress\/wp-json\/wp\/v2\/comments?post=64"}],"version-history":[{"count":5,"href":"https:\/\/xn--beerdigung-schrder-r3b.de\/wordpress\/wp-json\/wp\/v2\/pages\/64\/revisions"}],"predecessor-version":[{"id":137,"href":"https:\/\/xn--beerdigung-schrder-r3b.de\/wordpress\/wp-json\/wp\/v2\/pages\/64\/revisions\/137"}],"wp:attachment":[{"href":"https:\/\/xn--beerdigung-schrder-r3b.de\/wordpress\/wp-json\/wp\/v2\/media?parent=64"}],"curies":[{"name":"wp","href":"https:\/\/api.w.org\/{rel}","templated":true}]}}